{"id":138,"date":"2024-09-20T13:41:12","date_gmt":"2024-09-20T13:41:12","guid":{"rendered":"https:\/\/appenzeller-sennenhund.com\/wp\/?page_id=138"},"modified":"2024-11-13T15:55:17","modified_gmt":"2024-11-13T15:55:17","slug":"tv-doku","status":"publish","type":"page","link":"https:\/\/appenzeller-sennenhund.com\/wp\/der-appenzeller-sennenhund\/tv-doku\/","title":{"rendered":"TV-Doku &#171;Ein Appenzeller namens Elvis&#187;"},"content":{"rendered":"\n<div class=\"wp-block-media-text alignwide has-media-on-the-right is-stacked-on-mobile\"><div class=\"wp-block-media-text__content\">\n<p>TV-Doku \u00fcber den Appenzeller Sennenhund:<\/p>\n\n\n\n<p>&#171;Ein Appenzeller namens Elvis&#187;<br>In der <strong>3sat-Reihe \u00abSchweizer Hundegeschichten\u00bb<\/strong> gibt es einen Teil \u00fcber den Appenzeller Sennenhund. Die <strong>TV-Dokumentation \u00abEin Appenzeller namens Elvis\u00bb von Jonas Keller<\/strong> zeigt den Appenzeller Sennenhund so, wie wir heute mit ihm zusammenleben. Der Film wurde erstmals am 21.12.2022 ausgestrahlt und am 6.3.2023 wiederholt. Jetzt ist er in der <a href=\"https:\/\/www.3sat.de\/dokumentation\/tiere\/schweizer-hundegeschichten-ein-appenzeller-namens-elvis-100.html\" target=\"_blank\" rel=\"noreferrer noopener\">3sat-Mediathek<\/a> verf\u00fcgbar.<\/p>\n\n\n\n<p><\/p>\n\n\n\n<p><strong>Jetzt die TV-Doku in der 3sat-Mediathek anschauen:<\/strong><\/p>\n\n\n\n<div class=\"wp-block-ive-ibtana-visual-editorbtn btn-inner-wrap ive-btn-main-parent_959457-23\"><div class=\"ive-btn-wrap ive-btn-unique_959457-23 undefined ive-btn-wrap-0 ive-btn-align  text-center text-sm-center text-lg-center text-xl-center \"><a class=\"anchrstyle ive-button-ad_959457-23 ive-button-0 ive-btn-0-action ive-btn-svg-showalways ive-btn-has-text-true\" href=\"https:\/\/www.3sat.de\/dokumentation\/tiere\/schweizer-hundegeschichten-ein-appenzeller-namens-elvis-100.html\" target=\"_self\" rel=\"noreferrer noopener\"><span class=\"ive-btn-inner-text\">TV-Doku<\/span><\/a><\/div><\/div>\n<\/div><figure class=\"wp-block-media-text__media\"><a href=\"https:\/\/www.3sat.de\/dokumentation\/tiere\/schweizer-hundegeschichten-ein-appenzeller-namens-elvis-100.html\" target=\"_blank\" rel=\"https:\/\/www.3sat.de\/dokumentation\/tiere\/schweizer-hundegeschichten-ein-appenzeller-namens-elvis-100.html noopener\"><img loading=\"lazy\" decoding=\"async\" width=\"640\" height=\"502\" src=\"https:\/\/appenzeller-sennenhund.com\/wp\/wp-content\/uploads\/2024\/09\/Ein-Appenzeller-namens-Elvis.jpg\" alt=\"\" class=\"wp-image-149 size-full\" srcset=\"https:\/\/appenzeller-sennenhund.com\/wp\/wp-content\/uploads\/2024\/09\/Ein-Appenzeller-namens-Elvis.jpg 640w, https:\/\/appenzeller-sennenhund.com\/wp\/wp-content\/uploads\/2024\/09\/Ein-Appenzeller-namens-Elvis-300x235.jpg 300w\" sizes=\"auto, (max-width: 640px) 100vw, 640px\" \/><\/a><\/figure><\/div>\n\n\n\n<p><\/p>\n","protected":false},"excerpt":{"rendered":"","protected":false},"author":2,"featured_media":0,"parent":31,"menu_order":0,"comment_status":"closed","ping_status":"closed","template":"","meta":{"_regular_price":[],"currency_symbol":[],"advgb_blocks_editor_width":"","advgb_blocks_columns_visual_guide":"","footnotes":""},"class_list":["post-138","page","type-page","status-publish","hentry"],"post_slider_layout_featured_media_urls":{"thumbnail":"","post_slider_layout_landscape_large":"","post_slider_layout_portrait_large":"","post_slider_layout_square_large":"","post_slider_layout_landscape":"","post_slider_layout_portrait":"","post_slider_layout_square":"","full":""},"yoast_head":"<!-- This site is optimized with the Yoast SEO plugin v27.5 - https:\/\/yoast.com\/product\/yoast-seo-wordpress\/ -->\n<title>Appenzeller Sennenhunde Zucht Billabong Stars (FCI) - TV-Doku &quot;Ein Appenzeller namens Elvis&quot;<\/title>\n<meta name=\"description\" content=\"TV-Doku &#039;Ein Appenzeller namens Elvis&#039;: Erlebe den Appenzeller Sennenhund hautnah in der 3sat-Dokumentation von Jonas Keller. Entdecke diese Schweizer Hundegeschichte \u00fcber das Zusammenleben mit dem treuen &#039;Bl\u00e4ss&#039;. Jetzt in der 3sat-Mediathek verf\u00fcgbar.\" \/>\n<meta name=\"robots\" content=\"index, follow, max-snippet:-1, max-image-preview:large, max-video-preview:-1\" \/>\n<link rel=\"canonical\" href=\"https:\/\/appenzeller-sennenhund.com\/wp\/der-appenzeller-sennenhund\/tv-doku\/\" \/>\n<meta property=\"og:locale\" content=\"de_DE\" \/>\n<meta property=\"og:type\" content=\"article\" \/>\n<meta property=\"og:title\" content=\"Appenzeller Sennenhunde Zucht Billabong Stars (FCI) - TV-Doku &quot;Ein Appenzeller namens Elvis&quot;\" \/>\n<meta property=\"og:description\" content=\"TV-Doku &#039;Ein Appenzeller namens Elvis&#039;: Erlebe den Appenzeller Sennenhund hautnah in der 3sat-Dokumentation von Jonas Keller. Entdecke diese Schweizer Hundegeschichte \u00fcber das Zusammenleben mit dem treuen &#039;Bl\u00e4ss&#039;. Jetzt in der 3sat-Mediathek verf\u00fcgbar.\" \/>\n<meta property=\"og:url\" content=\"https:\/\/appenzeller-sennenhund.com\/wp\/der-appenzeller-sennenhund\/tv-doku\/\" \/>\n<meta property=\"og:site_name\" content=\"Appenzeller Sennenhunde Zucht Billabong Stars (FCI)\" \/>\n<meta property=\"article:modified_time\" content=\"2024-11-13T15:55:17+00:00\" \/>\n<meta property=\"og:image\" content=\"https:\/\/appenzeller-sennenhund.com\/wp\/wp-content\/uploads\/2024\/09\/Ein-Appenzeller-namens-Elvis.jpg\" \/>\n\t<meta property=\"og:image:width\" content=\"640\" \/>\n\t<meta property=\"og:image:height\" content=\"502\" \/>\n\t<meta property=\"og:image:type\" content=\"image\/jpeg\" \/>\n<meta name=\"twitter:card\" content=\"summary_large_image\" \/>\n<meta name=\"twitter:label1\" content=\"Gesch\u00e4tzte Lesezeit\" \/>\n\t<meta name=\"twitter:data1\" content=\"1\u00a0Minute\" \/>\n<script type=\"application\/ld+json\" class=\"yoast-schema-graph\">{\"@context\":\"https:\\\/\\\/schema.org\",\"@graph\":[{\"@type\":\"WebPage\",\"@id\":\"https:\\\/\\\/appenzeller-sennenhund.com\\\/wp\\\/der-appenzeller-sennenhund\\\/tv-doku\\\/\",\"url\":\"https:\\\/\\\/appenzeller-sennenhund.com\\\/wp\\\/der-appenzeller-sennenhund\\\/tv-doku\\\/\",\"name\":\"Appenzeller Sennenhunde Zucht Billabong Stars (FCI) - TV-Doku \\\"Ein Appenzeller namens Elvis\\\"\",\"isPartOf\":{\"@id\":\"https:\\\/\\\/appenzeller-sennenhund.com\\\/wp\\\/#website\"},\"primaryImageOfPage\":{\"@id\":\"https:\\\/\\\/appenzeller-sennenhund.com\\\/wp\\\/der-appenzeller-sennenhund\\\/tv-doku\\\/#primaryimage\"},\"image\":{\"@id\":\"https:\\\/\\\/appenzeller-sennenhund.com\\\/wp\\\/der-appenzeller-sennenhund\\\/tv-doku\\\/#primaryimage\"},\"thumbnailUrl\":\"https:\\\/\\\/appenzeller-sennenhund.com\\\/wp\\\/wp-content\\\/uploads\\\/2024\\\/09\\\/Ein-Appenzeller-namens-Elvis.jpg\",\"datePublished\":\"2024-09-20T13:41:12+00:00\",\"dateModified\":\"2024-11-13T15:55:17+00:00\",\"description\":\"TV-Doku 'Ein Appenzeller namens Elvis': Erlebe den Appenzeller Sennenhund hautnah in der 3sat-Dokumentation von Jonas Keller. Entdecke diese Schweizer Hundegeschichte \u00fcber das Zusammenleben mit dem treuen 'Bl\u00e4ss'. Jetzt in der 3sat-Mediathek verf\u00fcgbar.\",\"breadcrumb\":{\"@id\":\"https:\\\/\\\/appenzeller-sennenhund.com\\\/wp\\\/der-appenzeller-sennenhund\\\/tv-doku\\\/#breadcrumb\"},\"inLanguage\":\"de-CH\",\"potentialAction\":[{\"@type\":\"ReadAction\",\"target\":[\"https:\\\/\\\/appenzeller-sennenhund.com\\\/wp\\\/der-appenzeller-sennenhund\\\/tv-doku\\\/\"]}]},{\"@type\":\"ImageObject\",\"inLanguage\":\"de-CH\",\"@id\":\"https:\\\/\\\/appenzeller-sennenhund.com\\\/wp\\\/der-appenzeller-sennenhund\\\/tv-doku\\\/#primaryimage\",\"url\":\"https:\\\/\\\/appenzeller-sennenhund.com\\\/wp\\\/wp-content\\\/uploads\\\/2024\\\/09\\\/Ein-Appenzeller-namens-Elvis.jpg\",\"contentUrl\":\"https:\\\/\\\/appenzeller-sennenhund.com\\\/wp\\\/wp-content\\\/uploads\\\/2024\\\/09\\\/Ein-Appenzeller-namens-Elvis.jpg\",\"width\":640,\"height\":502},{\"@type\":\"BreadcrumbList\",\"@id\":\"https:\\\/\\\/appenzeller-sennenhund.com\\\/wp\\\/der-appenzeller-sennenhund\\\/tv-doku\\\/#breadcrumb\",\"itemListElement\":[{\"@type\":\"ListItem\",\"position\":1,\"name\":\"Startseite\",\"item\":\"https:\\\/\\\/appenzeller-sennenhund.com\\\/wp\\\/\"},{\"@type\":\"ListItem\",\"position\":2,\"name\":\"Der Appenzeller Sennenhund\",\"item\":\"https:\\\/\\\/appenzeller-sennenhund.com\\\/wp\\\/der-appenzeller-sennenhund\\\/\"},{\"@type\":\"ListItem\",\"position\":3,\"name\":\"TV-Doku &#8220;Ein Appenzeller namens Elvis&#8221;\"}]},{\"@type\":\"WebSite\",\"@id\":\"https:\\\/\\\/appenzeller-sennenhund.com\\\/wp\\\/#website\",\"url\":\"https:\\\/\\\/appenzeller-sennenhund.com\\\/wp\\\/\",\"name\":\"Appenzeller Sennenhunde Zucht Billabong Stars (FCI)\",\"description\":\"FCI Hundezucht\",\"potentialAction\":[{\"@type\":\"SearchAction\",\"target\":{\"@type\":\"EntryPoint\",\"urlTemplate\":\"https:\\\/\\\/appenzeller-sennenhund.com\\\/wp\\\/?s={search_term_string}\"},\"query-input\":{\"@type\":\"PropertyValueSpecification\",\"valueRequired\":true,\"valueName\":\"search_term_string\"}}],\"inLanguage\":\"de-CH\"}]}<\/script>\n<!-- \/ Yoast SEO plugin. -->","yoast_head_json":{"title":"Appenzeller Sennenhunde Zucht Billabong Stars (FCI) - TV-Doku \"Ein Appenzeller namens Elvis\"","description":"TV-Doku 'Ein Appenzeller namens Elvis': Erlebe den Appenzeller Sennenhund hautnah in der 3sat-Dokumentation von Jonas Keller. Entdecke diese Schweizer Hundegeschichte \u00fcber das Zusammenleben mit dem treuen 'Bl\u00e4ss'. Jetzt in der 3sat-Mediathek verf\u00fcgbar.","robots":{"index":"index","follow":"follow","max-snippet":"max-snippet:-1","max-image-preview":"max-image-preview:large","max-video-preview":"max-video-preview:-1"},"canonical":"https:\/\/appenzeller-sennenhund.com\/wp\/der-appenzeller-sennenhund\/tv-doku\/","og_locale":"de_DE","og_type":"article","og_title":"Appenzeller Sennenhunde Zucht Billabong Stars (FCI) - TV-Doku \"Ein Appenzeller namens Elvis\"","og_description":"TV-Doku 'Ein Appenzeller namens Elvis': Erlebe den Appenzeller Sennenhund hautnah in der 3sat-Dokumentation von Jonas Keller. Entdecke diese Schweizer Hundegeschichte \u00fcber das Zusammenleben mit dem treuen 'Bl\u00e4ss'. Jetzt in der 3sat-Mediathek verf\u00fcgbar.","og_url":"https:\/\/appenzeller-sennenhund.com\/wp\/der-appenzeller-sennenhund\/tv-doku\/","og_site_name":"Appenzeller Sennenhunde Zucht Billabong Stars (FCI)","article_modified_time":"2024-11-13T15:55:17+00:00","og_image":[{"width":640,"height":502,"url":"https:\/\/appenzeller-sennenhund.com\/wp\/wp-content\/uploads\/2024\/09\/Ein-Appenzeller-namens-Elvis.jpg","type":"image\/jpeg"}],"twitter_card":"summary_large_image","twitter_misc":{"Gesch\u00e4tzte Lesezeit":"1\u00a0Minute"},"schema":{"@context":"https:\/\/schema.org","@graph":[{"@type":"WebPage","@id":"https:\/\/appenzeller-sennenhund.com\/wp\/der-appenzeller-sennenhund\/tv-doku\/","url":"https:\/\/appenzeller-sennenhund.com\/wp\/der-appenzeller-sennenhund\/tv-doku\/","name":"Appenzeller Sennenhunde Zucht Billabong Stars (FCI) - TV-Doku \"Ein Appenzeller namens Elvis\"","isPartOf":{"@id":"https:\/\/appenzeller-sennenhund.com\/wp\/#website"},"primaryImageOfPage":{"@id":"https:\/\/appenzeller-sennenhund.com\/wp\/der-appenzeller-sennenhund\/tv-doku\/#primaryimage"},"image":{"@id":"https:\/\/appenzeller-sennenhund.com\/wp\/der-appenzeller-sennenhund\/tv-doku\/#primaryimage"},"thumbnailUrl":"https:\/\/appenzeller-sennenhund.com\/wp\/wp-content\/uploads\/2024\/09\/Ein-Appenzeller-namens-Elvis.jpg","datePublished":"2024-09-20T13:41:12+00:00","dateModified":"2024-11-13T15:55:17+00:00","description":"TV-Doku 'Ein Appenzeller namens Elvis': Erlebe den Appenzeller Sennenhund hautnah in der 3sat-Dokumentation von Jonas Keller. Entdecke diese Schweizer Hundegeschichte \u00fcber das Zusammenleben mit dem treuen 'Bl\u00e4ss'. Jetzt in der 3sat-Mediathek verf\u00fcgbar.","breadcrumb":{"@id":"https:\/\/appenzeller-sennenhund.com\/wp\/der-appenzeller-sennenhund\/tv-doku\/#breadcrumb"},"inLanguage":"de-CH","potentialAction":[{"@type":"ReadAction","target":["https:\/\/appenzeller-sennenhund.com\/wp\/der-appenzeller-sennenhund\/tv-doku\/"]}]},{"@type":"ImageObject","inLanguage":"de-CH","@id":"https:\/\/appenzeller-sennenhund.com\/wp\/der-appenzeller-sennenhund\/tv-doku\/#primaryimage","url":"https:\/\/appenzeller-sennenhund.com\/wp\/wp-content\/uploads\/2024\/09\/Ein-Appenzeller-namens-Elvis.jpg","contentUrl":"https:\/\/appenzeller-sennenhund.com\/wp\/wp-content\/uploads\/2024\/09\/Ein-Appenzeller-namens-Elvis.jpg","width":640,"height":502},{"@type":"BreadcrumbList","@id":"https:\/\/appenzeller-sennenhund.com\/wp\/der-appenzeller-sennenhund\/tv-doku\/#breadcrumb","itemListElement":[{"@type":"ListItem","position":1,"name":"Startseite","item":"https:\/\/appenzeller-sennenhund.com\/wp\/"},{"@type":"ListItem","position":2,"name":"Der Appenzeller Sennenhund","item":"https:\/\/appenzeller-sennenhund.com\/wp\/der-appenzeller-sennenhund\/"},{"@type":"ListItem","position":3,"name":"TV-Doku &#8220;Ein Appenzeller namens Elvis&#8221;"}]},{"@type":"WebSite","@id":"https:\/\/appenzeller-sennenhund.com\/wp\/#website","url":"https:\/\/appenzeller-sennenhund.com\/wp\/","name":"Appenzeller Sennenhunde Zucht Billabong Stars (FCI)","description":"FCI Hundezucht","potentialAction":[{"@type":"SearchAction","target":{"@type":"EntryPoint","urlTemplate":"https:\/\/appenzeller-sennenhund.com\/wp\/?s={search_term_string}"},"query-input":{"@type":"PropertyValueSpecification","valueRequired":true,"valueName":"search_term_string"}}],"inLanguage":"de-CH"}]}},"coauthors":[],"author_meta":{"author_link":"https:\/\/appenzeller-sennenhund.com\/wp\/author\/lumikki\/","display_name":"Dina Untersee"},"relative_dates":{"created":"Posted 2\u00a0Jahren ago","modified":"Updated 1\u00a0Jahr ago"},"absolute_dates":{"created":"Posted on 20. September 2024","modified":"Updated on 13. November 2024"},"absolute_dates_time":{"created":"Posted on 20. September 2024 1:41 p.m.","modified":"Updated on 13. November 2024 3:55 p.m."},"featured_img_caption":"","featured_img":false,"series_order":"","rttpg_featured_image_url":null,"rttpg_author":{"display_name":"Dina Untersee","author_link":"https:\/\/appenzeller-sennenhund.com\/wp\/author\/lumikki\/"},"rttpg_comment":0,"rttpg_category":null,"rttpg_excerpt":null,"_links":{"self":[{"href":"https:\/\/appenzeller-sennenhund.com\/wp\/wp-json\/wp\/v2\/pages\/138","targetHints":{"allow":["GET"]}}],"collection":[{"href":"https:\/\/appenzeller-sennenhund.com\/wp\/wp-json\/wp\/v2\/pages"}],"about":[{"href":"https:\/\/appenzeller-sennenhund.com\/wp\/wp-json\/wp\/v2\/types\/page"}],"author":[{"embeddable":true,"href":"https:\/\/appenzeller-sennenhund.com\/wp\/wp-json\/wp\/v2\/users\/2"}],"replies":[{"embeddable":true,"href":"https:\/\/appenzeller-sennenhund.com\/wp\/wp-json\/wp\/v2\/comments?post=138"}],"version-history":[{"count":12,"href":"https:\/\/appenzeller-sennenhund.com\/wp\/wp-json\/wp\/v2\/pages\/138\/revisions"}],"predecessor-version":[{"id":632,"href":"https:\/\/appenzeller-sennenhund.com\/wp\/wp-json\/wp\/v2\/pages\/138\/revisions\/632"}],"up":[{"embeddable":true,"href":"https:\/\/appenzeller-sennenhund.com\/wp\/wp-json\/wp\/v2\/pages\/31"}],"wp:attachment":[{"href":"https:\/\/appenzeller-sennenhund.com\/wp\/wp-json\/wp\/v2\/media?parent=138"}],"curies":[{"name":"wp","href":"https:\/\/api.w.org\/{rel}","templated":true}]}}