{"id":11,"date":"2024-09-18T18:15:09","date_gmt":"2024-09-18T18:15:09","guid":{"rendered":"https:\/\/appenzeller-sennenhund.com\/wp\/?page_id=11"},"modified":"2024-11-13T16:08:31","modified_gmt":"2024-11-13T16:08:31","slug":"ueber-uns","status":"publish","type":"page","link":"https:\/\/appenzeller-sennenhund.com\/wp\/ueber-uns\/","title":{"rendered":"\u00dcber uns"},"content":{"rendered":"\n<figure class=\"wp-block-image size-full\"><img loading=\"lazy\" decoding=\"async\" width=\"2560\" height=\"1707\" src=\"https:\/\/appenzeller-sennenhund.com\/wp\/wp-content\/uploads\/2024\/09\/d_druck13-scaled.jpg\" alt=\"\" class=\"wp-image-38\" srcset=\"https:\/\/appenzeller-sennenhund.com\/wp\/wp-content\/uploads\/2024\/09\/d_druck13-scaled.jpg 2560w, https:\/\/appenzeller-sennenhund.com\/wp\/wp-content\/uploads\/2024\/09\/d_druck13-300x200.jpg 300w\" sizes=\"auto, (max-width: 2560px) 100vw, 2560px\" \/><\/figure>\n\n\n\n<p>Wir \u2013 J\u00fcrg und Dina \u2013 leben im wundersch\u00f6nen St. Galler Rheintal, direkt am Tor zum Appenzellerland. W\u00e4hrend J\u00fcrg als Informatiktechniker arbeitet, f\u00fchrt Dina ihren eigenen BARF-Shop und ist leidenschaftliche Hundefotografin. Unsere Appenzeller Sennenhunde geniessen dadurch fast rund um die Uhr unsere Gesellschaft und Aufmerksamkeit.<\/p>\n\n\n\n<p><strong>Wie wir auf den Bl\u00e4ss kamen?<\/strong><br>Ehrlich gesagt, es war irgendwie immer klar, dass ein Appenzeller Sennenhund Teil unserer Familie sein w\u00fcrde. Die N\u00e4he zum Appenzellerland und dem Alpstein pr\u00e4gte uns schon in der Kindheit, als wir diese treuen Hunde oft gesehen haben.<\/p>\n\n\n\n<p><strong>Was sch\u00e4tzen wir am reinrassigen Appenzeller Sennenhund?<\/strong><br>Der Appenzeller Sennenhund beeindruckt uns jeden Tag aufs Neue: seine Treue, Intelligenz, seine ausgepr\u00e4gte Willenskraft und sein Wunsch zu gefallen \u2013 gepaart mit einem starken eigenen Kopf. Er hat eine raue Schale, aber einen weichen Kern und ist ein echter Freund f\u00fcrs Leben. Sein Platz ist ganz nah bei seiner Familie, denn er klebt f\u00f6rmlich an einem \u2013 weshalb er auch liebevoll als &#171;Patex-Hund&#187; bezeichnet wird. Wenn man diese N\u00e4he nicht mag, ist der Appenzeller wahrscheinlich nicht die richtige Wahl.<\/p>\n\n\n\n<blockquote class=\"wp-block-quote is-layout-flow wp-block-quote-is-layout-flow\">\n<p>Hinter jeder starken Frau ist ein Bl\u00e4ss, der ihr zur Toilette folgt.<\/p>\n<\/blockquote>\n\n\n\n<p><strong>Was wir mit unseren Appenzellern unternehmen:<\/strong><br>Wir lieben es, mit unseren Hunden die Natur zu erkunden \u2013 besonders auf den malerischen Wanderwegen im Alpstein. Neben ausgedehnten Wanderungen trainieren wir w\u00f6chentlich Agility, und jeder unserer Hunde hat es bis in die h\u00f6chste Klasse, A3, geschafft. Sie haben sich sogar f\u00fcr die Schweizer Meisterschaften qualifiziert.<\/p>\n\n\n\n<p>Auf internationalem Niveau durften wir bereits an zahlreichen Turnieren teilnehmen. Besonders stolz sind wir auf die Agility European Open 2016 mit Elvis im Schweizer Team, bei denen wir uns als &#171;best of country&#187; f\u00fcr das Finale qualifizieren konnten, sowie auf die Crufts-Teilnahme 2023 mit Scarlet, die ebenfalls das Finale erreichte. Presley erzielte den 5. Platz im Finale des Magna Racino und qualifizierte sich f\u00fcr das Finale beim Slovenian Open.<\/p>\n\n\n\n<p>Zus\u00e4tzlich treffen wir uns regelm\u00e4ssig mit unserer Mantrailing-Gruppe, und unsere Hunde sind erfahrene Tr\u00fcffelsucher.<\/p>\n\n\n\n<p><strong>Neugierig geworden?<\/strong><br>Unsere vier Appenzeller \u2013 Elvis, Presley, Scarlet und Lumikki \u2013 und wir hatten sogar das Vergn\u00fcgen, in der 3sat-Dokumentation \u00fcber den Appenzeller Sennenhund mitzuwirken:<\/p>\n\n\n\n<div class=\"wp-block-ive-ibtana-visual-editorbtn btn-inner-wrap ive-btn-main-parent_421158-85\"><div class=\"ive-btn-wrap ive-btn-unique_421158-85 undefined ive-btn-wrap-0 ive-btn-align  text-center text-sm-center text-lg-center text-xl-center \"><a class=\"anchrstyle ive-button-ad_421158-85 ive-button-0 ive-btn-0-action ive-btn-svg-showalways ive-btn-has-text-true\" href=\"https:\/\/appenzeller-sennenhund.com\/wp\/der-appenzeller-sennenhund\/tv-doku\/\" target=\"_self\" rel=\"noreferrer noopener\"><span class=\"ive-btn-inner-text\">Schau&#8216; die TV-Doku<\/span><\/a><\/div><\/div>\n","protected":false},"excerpt":{"rendered":"<p>Wir \u2013 J\u00fcrg und Dina \u2013 leben im wundersch\u00f6nen St. Galler Rheintal, direkt am Tor zum Appenzellerland. W\u00e4hrend J\u00fcrg als Informatiktechniker arbeitet, f\u00fchrt Dina ihren eigenen BARF-Shop und ist leidenschaftliche<\/p>\n<p class=\"more-link\"><a href=\"https:\/\/appenzeller-sennenhund.com\/wp\/ueber-uns\/\" class=\"readmore\">Continue reading&#8230;<span class=\"screen-reader-text\">\u00dcber uns<\/span><\/a><\/p>\n","protected":false},"author":2,"featured_media":0,"parent":0,"menu_order":0,"comment_status":"closed","ping_status":"closed","template":"","meta":{"_regular_price":[],"currency_symbol":[],"advgb_blocks_editor_width":"","advgb_blocks_columns_visual_guide":"","footnotes":""},"class_list":["post-11","page","type-page","status-publish","hentry"],"post_slider_layout_featured_media_urls":{"thumbnail":"","post_slider_layout_landscape_large":"","post_slider_layout_portrait_large":"","post_slider_layout_square_large":"","post_slider_layout_landscape":"","post_slider_layout_portrait":"","post_slider_layout_square":"","full":""},"yoast_head":"<!-- This site is optimized with the Yoast SEO plugin v27.5 - https:\/\/yoast.com\/product\/yoast-seo-wordpress\/ -->\n<title>Appenzeller Sennenhunde Zucht Billabong Stars (FCI) - \u00dcber uns<\/title>\n<meta name=\"description\" content=\"J\u00fcrg und Dina Untersee leben im St. Galler Rheintal nahe dem Appenzellerland und widmen sich mit Herz ihren Appenzeller Sennenhunden. Ob bei Agility-Turnieren, Mantrailing oder Tr\u00fcffelsuche \u2013 unsere Hunde sind vielseitige Begleiter und echte Familienmitglieder. Erlebe die Treue, Intelligenz und N\u00e4he des Appenzeller Sennenhundes in unserer Familie und erfahre mehr \u00fcber diese wundervolle Rasse.\" \/>\n<meta name=\"robots\" content=\"index, follow, max-snippet:-1, max-image-preview:large, max-video-preview:-1\" \/>\n<link rel=\"canonical\" href=\"https:\/\/appenzeller-sennenhund.com\/wp\/ueber-uns\/\" \/>\n<meta property=\"og:locale\" content=\"de_DE\" \/>\n<meta property=\"og:type\" content=\"article\" \/>\n<meta property=\"og:title\" content=\"Appenzeller Sennenhunde Zucht Billabong Stars (FCI) - \u00dcber uns\" \/>\n<meta property=\"og:description\" content=\"J\u00fcrg und Dina Untersee leben im St. Galler Rheintal nahe dem Appenzellerland und widmen sich mit Herz ihren Appenzeller Sennenhunden. Ob bei Agility-Turnieren, Mantrailing oder Tr\u00fcffelsuche \u2013 unsere Hunde sind vielseitige Begleiter und echte Familienmitglieder. Erlebe die Treue, Intelligenz und N\u00e4he des Appenzeller Sennenhundes in unserer Familie und erfahre mehr \u00fcber diese wundervolle Rasse.\" \/>\n<meta property=\"og:url\" content=\"https:\/\/appenzeller-sennenhund.com\/wp\/ueber-uns\/\" \/>\n<meta property=\"og:site_name\" content=\"Appenzeller Sennenhunde Zucht Billabong Stars (FCI)\" \/>\n<meta property=\"article:modified_time\" content=\"2024-11-13T16:08:31+00:00\" \/>\n<meta property=\"og:image\" content=\"https:\/\/appenzeller-sennenhund.com\/wp\/wp-content\/uploads\/2024\/09\/d_druck13-scaled.jpg\" \/>\n\t<meta property=\"og:image:width\" content=\"2560\" \/>\n\t<meta property=\"og:image:height\" content=\"1707\" \/>\n\t<meta property=\"og:image:type\" content=\"image\/jpeg\" \/>\n<meta name=\"twitter:card\" content=\"summary_large_image\" \/>\n<meta name=\"twitter:label1\" content=\"Gesch\u00e4tzte Lesezeit\" \/>\n\t<meta name=\"twitter:data1\" content=\"3\u00a0Minuten\" \/>\n<script type=\"application\/ld+json\" class=\"yoast-schema-graph\">{\"@context\":\"https:\\\/\\\/schema.org\",\"@graph\":[{\"@type\":\"WebPage\",\"@id\":\"https:\\\/\\\/appenzeller-sennenhund.com\\\/wp\\\/ueber-uns\\\/\",\"url\":\"https:\\\/\\\/appenzeller-sennenhund.com\\\/wp\\\/ueber-uns\\\/\",\"name\":\"Appenzeller Sennenhunde Zucht Billabong Stars (FCI) - \u00dcber uns\",\"isPartOf\":{\"@id\":\"https:\\\/\\\/appenzeller-sennenhund.com\\\/wp\\\/#website\"},\"primaryImageOfPage\":{\"@id\":\"https:\\\/\\\/appenzeller-sennenhund.com\\\/wp\\\/ueber-uns\\\/#primaryimage\"},\"image\":{\"@id\":\"https:\\\/\\\/appenzeller-sennenhund.com\\\/wp\\\/ueber-uns\\\/#primaryimage\"},\"thumbnailUrl\":\"https:\\\/\\\/appenzeller-sennenhund.com\\\/wp\\\/wp-content\\\/uploads\\\/2024\\\/09\\\/d_druck13-scaled.jpg\",\"datePublished\":\"2024-09-18T18:15:09+00:00\",\"dateModified\":\"2024-11-13T16:08:31+00:00\",\"description\":\"J\u00fcrg und Dina Untersee leben im St. Galler Rheintal nahe dem Appenzellerland und widmen sich mit Herz ihren Appenzeller Sennenhunden. Ob bei Agility-Turnieren, Mantrailing oder Tr\u00fcffelsuche \u2013 unsere Hunde sind vielseitige Begleiter und echte Familienmitglieder. Erlebe die Treue, Intelligenz und N\u00e4he des Appenzeller Sennenhundes in unserer Familie und erfahre mehr \u00fcber diese wundervolle Rasse.\",\"breadcrumb\":{\"@id\":\"https:\\\/\\\/appenzeller-sennenhund.com\\\/wp\\\/ueber-uns\\\/#breadcrumb\"},\"inLanguage\":\"de-CH\",\"potentialAction\":[{\"@type\":\"ReadAction\",\"target\":[\"https:\\\/\\\/appenzeller-sennenhund.com\\\/wp\\\/ueber-uns\\\/\"]}]},{\"@type\":\"ImageObject\",\"inLanguage\":\"de-CH\",\"@id\":\"https:\\\/\\\/appenzeller-sennenhund.com\\\/wp\\\/ueber-uns\\\/#primaryimage\",\"url\":\"https:\\\/\\\/appenzeller-sennenhund.com\\\/wp\\\/wp-content\\\/uploads\\\/2024\\\/09\\\/d_druck13-scaled.jpg\",\"contentUrl\":\"https:\\\/\\\/appenzeller-sennenhund.com\\\/wp\\\/wp-content\\\/uploads\\\/2024\\\/09\\\/d_druck13-scaled.jpg\",\"width\":2560,\"height\":1707},{\"@type\":\"BreadcrumbList\",\"@id\":\"https:\\\/\\\/appenzeller-sennenhund.com\\\/wp\\\/ueber-uns\\\/#breadcrumb\",\"itemListElement\":[{\"@type\":\"ListItem\",\"position\":1,\"name\":\"Startseite\",\"item\":\"https:\\\/\\\/appenzeller-sennenhund.com\\\/wp\\\/\"},{\"@type\":\"ListItem\",\"position\":2,\"name\":\"\u00dcber uns\"}]},{\"@type\":\"WebSite\",\"@id\":\"https:\\\/\\\/appenzeller-sennenhund.com\\\/wp\\\/#website\",\"url\":\"https:\\\/\\\/appenzeller-sennenhund.com\\\/wp\\\/\",\"name\":\"Appenzeller Sennenhunde Zucht Billabong Stars (FCI)\",\"description\":\"FCI Hundezucht\",\"potentialAction\":[{\"@type\":\"SearchAction\",\"target\":{\"@type\":\"EntryPoint\",\"urlTemplate\":\"https:\\\/\\\/appenzeller-sennenhund.com\\\/wp\\\/?s={search_term_string}\"},\"query-input\":{\"@type\":\"PropertyValueSpecification\",\"valueRequired\":true,\"valueName\":\"search_term_string\"}}],\"inLanguage\":\"de-CH\"}]}<\/script>\n<!-- \/ Yoast SEO plugin. -->","yoast_head_json":{"title":"Appenzeller Sennenhunde Zucht Billabong Stars (FCI) - \u00dcber uns","description":"J\u00fcrg und Dina Untersee leben im St. Galler Rheintal nahe dem Appenzellerland und widmen sich mit Herz ihren Appenzeller Sennenhunden. Ob bei Agility-Turnieren, Mantrailing oder Tr\u00fcffelsuche \u2013 unsere Hunde sind vielseitige Begleiter und echte Familienmitglieder. Erlebe die Treue, Intelligenz und N\u00e4he des Appenzeller Sennenhundes in unserer Familie und erfahre mehr \u00fcber diese wundervolle Rasse.","robots":{"index":"index","follow":"follow","max-snippet":"max-snippet:-1","max-image-preview":"max-image-preview:large","max-video-preview":"max-video-preview:-1"},"canonical":"https:\/\/appenzeller-sennenhund.com\/wp\/ueber-uns\/","og_locale":"de_DE","og_type":"article","og_title":"Appenzeller Sennenhunde Zucht Billabong Stars (FCI) - \u00dcber uns","og_description":"J\u00fcrg und Dina Untersee leben im St. Galler Rheintal nahe dem Appenzellerland und widmen sich mit Herz ihren Appenzeller Sennenhunden. Ob bei Agility-Turnieren, Mantrailing oder Tr\u00fcffelsuche \u2013 unsere Hunde sind vielseitige Begleiter und echte Familienmitglieder. Erlebe die Treue, Intelligenz und N\u00e4he des Appenzeller Sennenhundes in unserer Familie und erfahre mehr \u00fcber diese wundervolle Rasse.","og_url":"https:\/\/appenzeller-sennenhund.com\/wp\/ueber-uns\/","og_site_name":"Appenzeller Sennenhunde Zucht Billabong Stars (FCI)","article_modified_time":"2024-11-13T16:08:31+00:00","og_image":[{"width":2560,"height":1707,"url":"https:\/\/appenzeller-sennenhund.com\/wp\/wp-content\/uploads\/2024\/09\/d_druck13-scaled.jpg","type":"image\/jpeg"}],"twitter_card":"summary_large_image","twitter_misc":{"Gesch\u00e4tzte Lesezeit":"3\u00a0Minuten"},"schema":{"@context":"https:\/\/schema.org","@graph":[{"@type":"WebPage","@id":"https:\/\/appenzeller-sennenhund.com\/wp\/ueber-uns\/","url":"https:\/\/appenzeller-sennenhund.com\/wp\/ueber-uns\/","name":"Appenzeller Sennenhunde Zucht Billabong Stars (FCI) - \u00dcber uns","isPartOf":{"@id":"https:\/\/appenzeller-sennenhund.com\/wp\/#website"},"primaryImageOfPage":{"@id":"https:\/\/appenzeller-sennenhund.com\/wp\/ueber-uns\/#primaryimage"},"image":{"@id":"https:\/\/appenzeller-sennenhund.com\/wp\/ueber-uns\/#primaryimage"},"thumbnailUrl":"https:\/\/appenzeller-sennenhund.com\/wp\/wp-content\/uploads\/2024\/09\/d_druck13-scaled.jpg","datePublished":"2024-09-18T18:15:09+00:00","dateModified":"2024-11-13T16:08:31+00:00","description":"J\u00fcrg und Dina Untersee leben im St. Galler Rheintal nahe dem Appenzellerland und widmen sich mit Herz ihren Appenzeller Sennenhunden. Ob bei Agility-Turnieren, Mantrailing oder Tr\u00fcffelsuche \u2013 unsere Hunde sind vielseitige Begleiter und echte Familienmitglieder. Erlebe die Treue, Intelligenz und N\u00e4he des Appenzeller Sennenhundes in unserer Familie und erfahre mehr \u00fcber diese wundervolle Rasse.","breadcrumb":{"@id":"https:\/\/appenzeller-sennenhund.com\/wp\/ueber-uns\/#breadcrumb"},"inLanguage":"de-CH","potentialAction":[{"@type":"ReadAction","target":["https:\/\/appenzeller-sennenhund.com\/wp\/ueber-uns\/"]}]},{"@type":"ImageObject","inLanguage":"de-CH","@id":"https:\/\/appenzeller-sennenhund.com\/wp\/ueber-uns\/#primaryimage","url":"https:\/\/appenzeller-sennenhund.com\/wp\/wp-content\/uploads\/2024\/09\/d_druck13-scaled.jpg","contentUrl":"https:\/\/appenzeller-sennenhund.com\/wp\/wp-content\/uploads\/2024\/09\/d_druck13-scaled.jpg","width":2560,"height":1707},{"@type":"BreadcrumbList","@id":"https:\/\/appenzeller-sennenhund.com\/wp\/ueber-uns\/#breadcrumb","itemListElement":[{"@type":"ListItem","position":1,"name":"Startseite","item":"https:\/\/appenzeller-sennenhund.com\/wp\/"},{"@type":"ListItem","position":2,"name":"\u00dcber uns"}]},{"@type":"WebSite","@id":"https:\/\/appenzeller-sennenhund.com\/wp\/#website","url":"https:\/\/appenzeller-sennenhund.com\/wp\/","name":"Appenzeller Sennenhunde Zucht Billabong Stars (FCI)","description":"FCI Hundezucht","potentialAction":[{"@type":"SearchAction","target":{"@type":"EntryPoint","urlTemplate":"https:\/\/appenzeller-sennenhund.com\/wp\/?s={search_term_string}"},"query-input":{"@type":"PropertyValueSpecification","valueRequired":true,"valueName":"search_term_string"}}],"inLanguage":"de-CH"}]}},"coauthors":[],"author_meta":{"author_link":"https:\/\/appenzeller-sennenhund.com\/wp\/author\/lumikki\/","display_name":"Dina Untersee"},"relative_dates":{"created":"Posted 2\u00a0Jahren ago","modified":"Updated 1\u00a0Jahr ago"},"absolute_dates":{"created":"Posted on 18. September 2024","modified":"Updated on 13. November 2024"},"absolute_dates_time":{"created":"Posted on 18. September 2024 6:15 p.m.","modified":"Updated on 13. November 2024 4:08 p.m."},"featured_img_caption":"","featured_img":false,"series_order":"","rttpg_featured_image_url":null,"rttpg_author":{"display_name":"Dina Untersee","author_link":"https:\/\/appenzeller-sennenhund.com\/wp\/author\/lumikki\/"},"rttpg_comment":0,"rttpg_category":null,"rttpg_excerpt":"Wir \u2013 J\u00fcrg und Dina \u2013 leben im wundersch\u00f6nen St. Galler Rheintal, direkt am Tor zum Appenzellerland. W\u00e4hrend J\u00fcrg als Informatiktechniker arbeitet, f\u00fchrt Dina ihren eigenen BARF-Shop und ist leidenschaftlicheContinue reading...\u00dcber uns","_links":{"self":[{"href":"https:\/\/appenzeller-sennenhund.com\/wp\/wp-json\/wp\/v2\/pages\/11","targetHints":{"allow":["GET"]}}],"collection":[{"href":"https:\/\/appenzeller-sennenhund.com\/wp\/wp-json\/wp\/v2\/pages"}],"about":[{"href":"https:\/\/appenzeller-sennenhund.com\/wp\/wp-json\/wp\/v2\/types\/page"}],"author":[{"embeddable":true,"href":"https:\/\/appenzeller-sennenhund.com\/wp\/wp-json\/wp\/v2\/users\/2"}],"replies":[{"embeddable":true,"href":"https:\/\/appenzeller-sennenhund.com\/wp\/wp-json\/wp\/v2\/comments?post=11"}],"version-history":[{"count":14,"href":"https:\/\/appenzeller-sennenhund.com\/wp\/wp-json\/wp\/v2\/pages\/11\/revisions"}],"predecessor-version":[{"id":641,"href":"https:\/\/appenzeller-sennenhund.com\/wp\/wp-json\/wp\/v2\/pages\/11\/revisions\/641"}],"wp:attachment":[{"href":"https:\/\/appenzeller-sennenhund.com\/wp\/wp-json\/wp\/v2\/media?parent=11"}],"curies":[{"name":"wp","href":"https:\/\/api.w.org\/{rel}","templated":true}]}}